{"id":2221,"date":"2023-11-01T14:43:57","date_gmt":"2023-11-01T13:43:57","guid":{"rendered":"http:\/\/localhost\/ecoseal\/it\/?page_id=2221"},"modified":"2023-11-15T10:54:21","modified_gmt":"2023-11-15T09:54:21","slug":"infas","status":"publish","type":"page","link":"https:\/\/ecoseal.sm\/it\/","title":{"rendered":"infas"},"content":{"rendered":"\n<div style=\"height:50px\" aria-hidden=\"true\" class=\"wp-block-spacer\"><\/div>\n\n\n\n<p class=\"has-text-align-center\"><div class=\"carousel-slider-outer carousel-slider-outer-hero-banner-slider carousel-slider-outer-1858 swiper navigation-visibility-always navigation-position-inside pagination-visibility-never pagination-shape-circle pagination-align-center\" style=\"--carousel-slider-nav-color:rgb(30,115,190);--carousel-slider-active-nav-color:rgb(30,115,190);--carousel-slider-arrow-size:48px;--carousel-slider-bullet-size:10px;--swiper-theme-color:rgb(30,115,190);--swiper-navigation-size:48px;--swiper-pagination-bullet-size:10px\">\n<div id=\"&#039;id-1858\" class=\"carousel-slider carousel-slider-1858 arrows-visibility-always dots-visibility-never arrows-inside dots-center dots-circle swiper-wrapper\" data-slide-type=\"hero-banner-slider\" data-swiper='{\"navigation\":{\"nextEl\":\".swiper-button-next\",\"prevEl\":\".swiper-button-prev\"},\"pagination\":false,\"direction\":\"horizontal\",\"loop\":true,\"slidesOffsetBefore\":0,\"slidesOffsetAfter\":0,\"speed\":500,\"spaceBetween\":10,\"slidesPerView\":1,\"autoplay\":{\"delay\":4000,\"pauseOnMouseEnter\":true}}' data-animation=\"fadeInLeft\">\n<div class=\"swiper-slide\"><div class=\"carousel-slider-hero__cell hero__cell-1\" style=\"--cell-height: 500px\"><div id=\"slide-item-1858-1\" class=\"carousel-slider-hero__cell__background\" style=\"background-position:center top;background-size:cover;background-image:url(https:\/\/ecoseal.sm\/wp-content\/uploads\/2023\/03\/bobina-HDPE-scaled-2-1.jpg);background-color:rgba(0,0,0,0.6)\"><\/div><div class=\"carousel-slider-hero__cell__inner carousel-slider--h-position-center carousel-slider--v-position-middle carousel-slider--text-left\" style=\"padding-top:1rem;padding-right:1rem;padding-bottom:1rem;padding-left:1rem\"><div class=\"carousel-slider-hero__cell__content hidden\" style=\"max-width:1024\" data-animation=\"fadeInLeft\"><div class=\"carousel-slider-hero__cell__heading\" style=\"--cs-heading-font-size:60px;--cs-heading-gutter:50px;--cs-heading-color:#ffffff\"> <\/div><div class=\"carousel-slider-hero__cell__buttons\"><span class=\"carousel-slider-hero__cell__button__one\" style=\"--cs-button-bg-color:rgb(33,68,98);--cs-button-color:rgb(255,255,255);--cs-button-border-width:15px;--cs-button-border-radius:21px\"><a class=\"button cs-hero-button cs-hero-button-1-1 cs-hero-button-normal cs-hero-button-large\" href=\"http:\/\/ecoseal.sm\/prodotti\/adesivi-base-acqua\/\" target=\"_self\">ADESIVI \u2794<\/a><\/span><\/div><\/div><\/div><\/div><\/div>\n<div class=\"swiper-slide\"><div class=\"carousel-slider-hero__cell hero__cell-2\" style=\"--cell-height: 500px\"><div id=\"slide-item-1858-2\" class=\"carousel-slider-hero__cell__background\" style=\"background-position:center top;background-size:cover;background-image:url(https:\/\/ecoseal.sm\/wp-content\/uploads\/2023\/03\/secchio_bianco3-2.jpg);background-color:rgba(0,0,0,0.6)\"><\/div><div class=\"carousel-slider-hero__cell__inner carousel-slider--h-position-center carousel-slider--v-position-middle carousel-slider--text-left\" style=\"padding-top:1rem;padding-right:1rem;padding-bottom:1rem;padding-left:1rem\"><div class=\"carousel-slider-hero__cell__content hidden\" style=\"max-width:1024\" data-animation=\"fadeInLeft\"><div class=\"carousel-slider-hero__cell__heading\" style=\"--cs-heading-font-size:60px;--cs-heading-gutter:30px;--cs-heading-color:#ffffff\"> <\/div><div class=\"carousel-slider-hero__cell__description\" style=\"--cs-description-font-size:25px;--cs-description-gutter:50px;--cs-description-color:#ffffff\"> <\/div><div class=\"carousel-slider-hero__cell__buttons\"><span class=\"carousel-slider-hero__cell__button__one\" style=\"--cs-button-bg-color:rgb(30,68,98);--cs-button-color:rgb(255,255,255);--cs-button-border-width:15px;--cs-button-border-radius:21px\"><a class=\"button cs-hero-button cs-hero-button-2-1 cs-hero-button-normal cs-hero-button-large\" href=\"http:\/\/ecoseal.sm\/prodotti\/sigillanti\/\" target=\"_self\">SIGILLANTI \u2794<\/a><\/span><\/div><\/div><\/div><\/div><\/div>\n<\/div><!-- .carousel-slider-1858 -->\n<div class=\"swiper-button-prev\"><\/div><div class=\"swiper-button-next\"><\/div><\/div><!-- .carousel-slider-outer-1858 -->\n<\/p>\n\n\n<div class=\"wp-block-image\">\n<figure class=\"aligncenter size-full\"><img loading=\"lazy\" decoding=\"async\" width=\"201\" height=\"29\" src=\"http:\/\/ecoseal.sm\/wp-content\/uploads\/2023\/03\/LINEA.jpg\" alt=\"\" class=\"wp-image-1930\" style=\"object-fit:cover\"\/><\/figure><\/div>\n\n\n<div style=\"height:50px\" aria-hidden=\"true\" class=\"wp-block-spacer\"><\/div>\n\n\n\n<h2 class=\"wp-block-heading has-text-align-center\">Produciamo adesivi e sigillanti<\/h2>\n\n\n\n<div class=\"wp-block-media-text is-stacked-on-mobile\"><figure class=\"wp-block-media-text__media\"><img loading=\"lazy\" decoding=\"async\" width=\"489\" height=\"288\" src=\"http:\/\/localhost\/ecoseal\/wp-content\/uploads\/2023\/03\/CHISIAMO.jpg\" alt=\"\" class=\"wp-image-1923 size-full\" srcset=\"https:\/\/ecoseal.sm\/wp-content\/uploads\/2023\/03\/CHISIAMO.jpg 489w, https:\/\/ecoseal.sm\/wp-content\/uploads\/2023\/03\/CHISIAMO-300x177.jpg 300w\" sizes=\"auto, (max-width: 489px) 100vw, 489px\" \/><\/figure><div class=\"wp-block-media-text__content\">\n<p class=\"has-text-align-center\">\u00c8 una societ\u00e0 giovane e dinamica che si sta ritagliando uno spazio sempre pi\u00f9 importante nel mercato della produzione e vendita di sigillanti preformati butilici, poliisobutilenici e adesivi base acqua. Vuole essere un partner competitivo e professionale, in grado di rispondere positivamente alla crescente richiesta di prodotti sempre pi\u00f9 specializzati e ad alto livello di qualit\u00e0 e affidabilit\u00e0. Grazie ad un mirato piano di sviluppo abbiamo potuto incrementare ulteriormente la nostra capacit\u00e0 produttiva per far fronte alle nuove richieste del mercato nell&#8217;intento di offrire il miglior servizio possibile in base alle vostre esigenze.<\/p>\n\n\n\n<div style=\"height:50px\" aria-hidden=\"true\" class=\"wp-block-spacer\"><\/div>\n\n\n\n<div class=\"wp-block-buttons is-content-justification-center is-layout-flex wp-container-core-buttons-is-layout-16018d1d wp-block-buttons-is-layout-flex\">\n<div class=\"wp-block-button is-style-fill\"><a class=\"wp-block-button__link has-primary-background-color has-background has-text-align-center wp-element-button\" href=\"http:\/\/ecoseal.sm\/chi-siamo\/\">Chi Siamo <\/a><\/div>\n<\/div>\n<\/div><\/div>\n\n\n\n<div style=\"height:50px\" aria-hidden=\"true\" class=\"wp-block-spacer\"><\/div>\n\n\n<div class=\"wp-block-image\">\n<figure class=\"aligncenter size-full\"><img loading=\"lazy\" decoding=\"async\" width=\"201\" height=\"29\" src=\"http:\/\/ecoseal.sm\/wp-content\/uploads\/2023\/03\/LINEA.jpg\" alt=\"\" class=\"wp-image-1930\"\/><\/figure><\/div>\n\n\n<div style=\"height:50px\" aria-hidden=\"true\" class=\"wp-block-spacer\"><\/div>\n\n\n\n<p class=\"has-text-align-center\"><div class=\"carousel-slider-outer carousel-slider-outer-image-carousel carousel-slider-outer-1852 swiper navigation-visibility-always navigation-position-outside pagination-visibility-never pagination-shape-circle pagination-align-center\" style=\"--carousel-slider-nav-color:rgb(255,255,255);--carousel-slider-active-nav-color:rgb(30,115,190);--carousel-slider-arrow-size:48px;--carousel-slider-bullet-size:10px;--swiper-theme-color:rgb(255,255,255);--swiper-navigation-size:48px;--swiper-pagination-bullet-size:10px\">\n<div id=\"&#039;id-1852\" class=\"carousel-slider carousel-slider-1852 arrows-visibility-always dots-visibility-never arrows-outside dots-center dots-circle swiper-wrapper\" data-slide-type=\"image-carousel\" data-swiper='{\"navigation\":{\"nextEl\":\".swiper-button-next\",\"prevEl\":\".swiper-button-prev\"},\"pagination\":false,\"direction\":\"horizontal\",\"loop\":true,\"slidesOffsetBefore\":0,\"slidesOffsetAfter\":0,\"speed\":500,\"spaceBetween\":10,\"slidesPerView\":1,\"breakpoints\":{\"300\":{\"slidesPerView\":1},\"576\":{\"slidesPerView\":2},\"768\":{\"slidesPerView\":2},\"1024\":{\"slidesPerView\":3},\"1280\":{\"slidesPerView\":4},\"1536\":{\"slidesPerView\":5}},\"autoplay\":{\"delay\":5000,\"pauseOnMouseEnter\":true}}'>\n<div class=\"swiper-slide\"><div class=\"carousel-slider__item\">\n\t<img loading=\"lazy\" decoding=\"async\" width=\"300\" height=\"169\" src=\"https:\/\/ecoseal.sm\/wp-content\/uploads\/2022\/10\/ecostripsilos-300x169-1.png\" class=\"attachment-medium_large size-medium_large\" alt=\"\" \/><\/a><\/div>\n<\/div>\n<div class=\"swiper-slide\"><div class=\"carousel-slider__item\">\n\t<img loading=\"lazy\" decoding=\"async\" width=\"300\" height=\"169\" src=\"https:\/\/ecoseal.sm\/wp-content\/uploads\/2022\/10\/solosecchio-300x169-1.png\" class=\"attachment-medium_large size-medium_large\" alt=\"\" \/><\/a><\/div>\n<\/div>\n<div class=\"swiper-slide\"><div class=\"carousel-slider__item\">\n\t<img loading=\"lazy\" decoding=\"async\" width=\"300\" height=\"169\" src=\"https:\/\/ecoseal.sm\/wp-content\/uploads\/2022\/10\/TNT-300x169-1-1.png\" class=\"attachment-medium_large size-medium_large\" alt=\"\" \/><\/a><\/div>\n<\/div>\n<div class=\"swiper-slide\"><div class=\"carousel-slider__item\">\n\t<img loading=\"lazy\" decoding=\"async\" width=\"300\" height=\"169\" src=\"https:\/\/ecoseal.sm\/wp-content\/uploads\/2022\/10\/ecostripinsulation-300x169-1.png\" class=\"attachment-medium_large size-medium_large\" alt=\"\" \/><\/a><\/div>\n<\/div>\n<div class=\"swiper-slide\"><div class=\"carousel-slider__item\">\n\t<img loading=\"lazy\" decoding=\"async\" width=\"300\" height=\"169\" src=\"https:\/\/ecoseal.sm\/wp-content\/uploads\/2022\/10\/HDPE-300x169-1-1.png\" class=\"attachment-medium_large size-medium_large\" alt=\"\" \/><\/a><\/div>\n<\/div>\n<div class=\"swiper-slide\"><div class=\"carousel-slider__item\">\n\t<img loading=\"lazy\" decoding=\"async\" width=\"300\" height=\"169\" src=\"https:\/\/ecoseal.sm\/wp-content\/uploads\/2022\/12\/TANICA_PICCOLA.png\" class=\"attachment-medium_large size-medium_large\" alt=\"\" \/><\/a><\/div>\n<\/div>\n<div class=\"swiper-slide\"><div class=\"carousel-slider__item\">\n\t<img loading=\"lazy\" decoding=\"async\" width=\"300\" height=\"169\" src=\"https:\/\/ecoseal.sm\/wp-content\/uploads\/2022\/10\/ALU-300x169-1-1.png\" class=\"attachment-medium_large size-medium_large\" alt=\"\" \/><\/a><\/div>\n<\/div>\n<div class=\"swiper-slide\"><div class=\"carousel-slider__item\">\n\t<img loading=\"lazy\" decoding=\"async\" width=\"300\" height=\"169\" src=\"https:\/\/ecoseal.sm\/wp-content\/uploads\/2022\/10\/admin-ajax1.png\" class=\"attachment-medium_large size-medium_large\" alt=\"\" \/><\/a><\/div>\n<\/div>\n<div class=\"swiper-slide\"><div class=\"carousel-slider__item\">\n\t<img loading=\"lazy\" decoding=\"async\" width=\"300\" height=\"169\" src=\"https:\/\/ecoseal.sm\/wp-content\/uploads\/2022\/10\/tanflacbidone-1-300x169-1.png\" class=\"attachment-medium_large size-medium_large\" alt=\"\" \/><\/a><\/div>\n<\/div>\n<div class=\"swiper-slide\"><div class=\"carousel-slider__item\">\n\t<img loading=\"lazy\" decoding=\"async\" width=\"300\" height=\"169\" src=\"https:\/\/ecoseal.sm\/wp-content\/uploads\/2022\/10\/ecostripuniversal-300x169-1.png\" class=\"attachment-medium_large size-medium_large\" alt=\"\" \/><\/a><\/div>\n<\/div>\n<div class=\"swiper-slide\"><div class=\"carousel-slider__item\">\n\t<a href=\"http:\/\/ecoseal.sm\/prodotti\/adesivi-sigillanti-plastici\/\" target=\"_self\"><img loading=\"lazy\" decoding=\"async\" width=\"300\" height=\"169\" src=\"https:\/\/ecoseal.sm\/wp-content\/uploads\/2022\/10\/ecostripfill-300x169-1.png\" class=\"attachment-medium_large size-medium_large\" alt=\"\" \/><\/a><\/div>\n<\/div>\n<div class=\"swiper-slide\"><div class=\"carousel-slider__item\">\n\t<img loading=\"lazy\" decoding=\"async\" width=\"300\" height=\"169\" src=\"https:\/\/ecoseal.sm\/wp-content\/uploads\/2022\/10\/ecostripcaravan-1.png\" class=\"attachment-medium_large size-medium_large\" alt=\"\" \/><\/a><\/div>\n<\/div>\n<div class=\"swiper-slide\"><div class=\"carousel-slider__item\">\n\t<img loading=\"lazy\" decoding=\"async\" width=\"300\" height=\"169\" src=\"https:\/\/ecoseal.sm\/wp-content\/uploads\/2022\/12\/ECO-BAND-LDPE-300-169.png\" class=\"attachment-medium_large size-medium_large\" alt=\"\" \/><\/a><\/div>\n<\/div>\n<div class=\"swiper-slide\"><div class=\"carousel-slider__item\">\n\t<img loading=\"lazy\" decoding=\"async\" width=\"300\" height=\"169\" src=\"https:\/\/ecoseal.sm\/wp-content\/uploads\/2022\/10\/ecostripremium-300x169-1.png\" class=\"attachment-medium_large size-medium_large\" alt=\"\" \/><\/a><\/div>\n<\/div>\n<\/div><!-- .carousel-slider-1852 -->\n<div class=\"swiper-button-prev\"><\/div><div class=\"swiper-button-next\"><\/div><\/div><!-- .carousel-slider-outer-1852 -->\n<\/p>\n\n\n\n<div style=\"height:50px\" aria-hidden=\"true\" class=\"wp-block-spacer\"><\/div>\n","protected":false},"excerpt":{"rendered":"<p>Produciamo adesivi e sigillanti<\/p>\n","protected":false},"author":2,"featured_media":0,"parent":0,"menu_order":0,"comment_status":"closed","ping_status":"closed","template":"","meta":{"footnotes":""},"class_list":["post-2221","page","type-page","status-publish","hentry",""],"_links":{"self":[{"href":"https:\/\/ecoseal.sm\/it\/wp-json\/wp\/v2\/pages\/2221","targetHints":{"allow":["GET"]}}],"collection":[{"href":"https:\/\/ecoseal.sm\/it\/wp-json\/wp\/v2\/pages"}],"about":[{"href":"https:\/\/ecoseal.sm\/it\/wp-json\/wp\/v2\/types\/page"}],"author":[{"embeddable":true,"href":"https:\/\/ecoseal.sm\/it\/wp-json\/wp\/v2\/users\/2"}],"replies":[{"embeddable":true,"href":"https:\/\/ecoseal.sm\/it\/wp-json\/wp\/v2\/comments?post=2221"}],"version-history":[{"count":11,"href":"https:\/\/ecoseal.sm\/it\/wp-json\/wp\/v2\/pages\/2221\/revisions"}],"predecessor-version":[{"id":2394,"href":"https:\/\/ecoseal.sm\/it\/wp-json\/wp\/v2\/pages\/2221\/revisions\/2394"}],"wp:attachment":[{"href":"https:\/\/ecoseal.sm\/it\/wp-json\/wp\/v2\/media?parent=2221"}],"curies":[{"name":"wp","href":"https:\/\/api.w.org\/{rel}","templated":true}]}}