{"id":408,"date":"2022-10-10T16:27:05","date_gmt":"2022-10-10T14:27:05","guid":{"rendered":"http:\/\/172.16.12.6\/azzurroclima\/?page_id=408"},"modified":"2024-08-02T11:54:38","modified_gmt":"2024-08-02T09:54:38","slug":"adesivi-poliuretanici","status":"publish","type":"page","link":"https:\/\/ecoseal.sm\/it\/prodotti\/adesivi-poliuretanici\/","title":{"rendered":"ADESIVI POLIURETANICI"},"content":{"rendered":"\n<h2 class=\"wp-block-heading\">ADESIVI POLIURETANICI<\/h2>\n\n\n\n<div style=\"height:50px\" aria-hidden=\"true\" class=\"wp-block-spacer\"><\/div>\n\n\n\n<p class=\"has-primary-color has-text-color has-link-color has-medium-font-size wp-elements-e29b1a5cf31247f7f65d80d0aa38c310\"><strong>ECO P 8015<\/strong><\/p>\n\n\n\n<div class=\"wp-block-media-text is-stacked-on-mobile is-vertically-aligned-top\" style=\"grid-template-columns:30% auto\"><figure class=\"wp-block-media-text__media\"><img loading=\"lazy\" decoding=\"async\" width=\"300\" height=\"169\" src=\"https:\/\/ecoseal.sm\/wp-content\/uploads\/2022\/10\/tanivaVitop-300x169-1.png\" alt=\"\" class=\"wp-image-482 size-full\"\/><\/figure><div class=\"wp-block-media-text__content\">\n<p><strong>ADESIVO POLIURETANICO IN DISPERSIONE ACQUOSA<\/strong><\/p>\n\n\n\n<p>Adesivo monocomponente a base acqua, totalmente privo di solventi, ad elevata velocit\u00e0 di essiccazione indicato anche come bi-componente per tante applicazioni richiedenti una elevata resistenza al calore.<\/p>\n\n\n\n<p><strong>Impieghi<\/strong><\/p>\n\n\n\n<p>Grazie alla bassa penetrazione nei supporti porosi \u00e8 indicato per l\u2019incollaggio dei tessuti e tessuti non tessuti, pelli e materiali sintetici utilizzati per fodere, tomaie, puntali.<\/p>\n\n\n\n<p><strong>Confezione<\/strong><\/p>\n\n\n\n<p>Disponibile&nbsp;in taniche (KG. 10) e&nbsp;VITOP&nbsp;(KG. 5 e KG. 10)<\/p>\n<\/div><\/div>\n\n\n\n<div style=\"height:50px\" aria-hidden=\"true\" class=\"wp-block-spacer\"><\/div>\n\n\n\n<p class=\"has-primary-color has-text-color has-link-color has-medium-font-size wp-elements-0809a7b3b7fc1bd59a67635376c83d89\"><strong>ECO P 8035<\/strong><\/p>\n\n\n\n<div class=\"wp-block-media-text is-stacked-on-mobile is-vertically-aligned-top\" style=\"grid-template-columns:30% auto\"><figure class=\"wp-block-media-text__media\"><img loading=\"lazy\" decoding=\"async\" width=\"300\" height=\"169\" src=\"https:\/\/ecoseal.sm\/wp-content\/uploads\/2022\/10\/tanivaVitop-300x169-1.png\" alt=\"\" class=\"wp-image-482 size-full\"\/><\/figure><div class=\"wp-block-media-text__content\">\n<p><strong>ADESIVO POLIURETANICO IN DISPERSIONE ACQUOSA<\/strong><\/p>\n\n\n\n<p>Adesivo a due componenti a base acqua, totalmente privo di solventi, indicato sia per un utilizzo manuale a pennello sia per applicazioni con macchina spalmatrice a pennello.<\/p>\n\n\n\n<p><strong>Impieghi<\/strong><\/p>\n\n\n\n<p>Grazie alla sua formulazione \u00e8 particolarmente indicato per l\u2019incollaggio a caldo di tanti materiali come PVC plastificato, tessuto, pelli, poliuretano e gomme vulcanizzate o termoplastiche trattate con processo alogenante.<\/p>\n\n\n\n<p><strong>Confezione<\/strong><\/p>\n\n\n\n<p>Disponibile in taniche (Kg. 10) e VITOP (kg. 5 e Kg. 10)<\/p>\n<\/div><\/div>\n\n\n\n<div style=\"height:50px\" aria-hidden=\"true\" class=\"wp-block-spacer\"><\/div>\n\n\n\n<p class=\"has-primary-color has-text-color has-link-color has-medium-font-size wp-elements-93ba39e09683ad7dbb4d93f862cba7c6\"><strong>ECO P 8025<\/strong><\/p>\n\n\n\n<div class=\"wp-block-media-text is-stacked-on-mobile is-vertically-aligned-top\" style=\"grid-template-columns:30% auto\"><figure class=\"wp-block-media-text__media\"><img loading=\"lazy\" decoding=\"async\" width=\"299\" height=\"168\" src=\"https:\/\/ecoseal.sm\/wp-content\/uploads\/2022\/10\/BASE-ACQUA.jpg\" alt=\"\" class=\"wp-image-783 size-full\"\/><\/figure><div class=\"wp-block-media-text__content\">\n<p><strong>ADESIVO POLIURETANICO IN DISPERSIONE ACQUOSA<\/strong><\/p>\n\n\n\n<p>Adesivo a due componenti a base acqua, totalmente privo di solventi.<\/p>\n\n\n\n<p><strong>impieghi<\/strong><\/p>\n\n\n\n<p>indicato per l\u2019incollaggio a caldo di tanti materiali come PVC plastificato, tessuto, pelli, poliuretano e gomme vulcanizzate o termoplastiche trattate con processo alogenante.<\/p>\n\n\n\n<p><strong>confezione<\/strong><\/p>\n\n\n\n<p>disponibile in taniche (KG. 10 e Kg.5)<\/p>\n<\/div><\/div>\n\n\n\n<div style=\"height:50px\" aria-hidden=\"true\" class=\"wp-block-spacer\"><\/div>\n\n\n\n<p class=\"has-primary-color has-text-color has-link-color has-medium-font-size wp-elements-93c1193ccd2b70d8ca98c4f61cf3414f\"><strong>ECO P 8075<\/strong><\/p>\n\n\n\n<div class=\"wp-block-media-text is-stacked-on-mobile is-vertically-aligned-top\" style=\"grid-template-columns:30% auto\"><figure class=\"wp-block-media-text__media\"><img loading=\"lazy\" decoding=\"async\" width=\"300\" height=\"169\" src=\"https:\/\/ecoseal.sm\/wp-content\/uploads\/2022\/10\/tanivaVitop-300x169-1.png\" alt=\"\" class=\"wp-image-482 size-full\"\/><\/figure><div class=\"wp-block-media-text__content\">\n<p><strong>ADESIVO POLIURETANICO IN DISPERSIONE ACQUOSA<\/strong><\/p>\n\n\n\n<p>Adesivo monocomponente a base acqua, totalmente privo di solventi. La composizione equilibrata dell\u2019adesivo permette una elevata compatibilit\u00e0 con adesivi poliuretanici mono&nbsp; o bi componenti sia a solvente sia a base acqua.<\/p>\n\n\n\n<p><strong>Impieghi<\/strong><\/p>\n\n\n\n<p>La sua formulazione lo rende particolarmente adatto, per l\u2019utilizzo con adesivi poliuretanici, come prima mano nell\u2019incollaggio di pellami a bassa coesione, migliorando la resistenza allo strappo di capretto, bufalo e nappa.<\/p>\n\n\n\n<p><strong>Confezione<\/strong><\/p>\n\n\n\n<p>Disponibile in taniche (Kg. 10) e VITOP (Kg. 10)<\/p>\n<\/div><\/div>\n\n\n\n<div style=\"height:50px\" aria-hidden=\"true\" class=\"wp-block-spacer\"><\/div>\n\n\n\n<p class=\"has-primary-color has-text-color has-link-color has-medium-font-size wp-elements-60c041de55dafdcad51ebcaf031c3689\"><strong>ECO P 8065<\/strong><\/p>\n\n\n\n<div class=\"wp-block-media-text is-stacked-on-mobile is-vertically-aligned-top\" style=\"grid-template-columns:30% auto\"><figure class=\"wp-block-media-text__media\"><img loading=\"lazy\" decoding=\"async\" width=\"299\" height=\"168\" src=\"https:\/\/ecoseal.sm\/wp-content\/uploads\/2022\/10\/BASE-ACQUA.jpg\" alt=\"\" class=\"wp-image-783 size-full\"\/><\/figure><div class=\"wp-block-media-text__content\">\n<p><strong>ADESIVO POLIURETANICO IN DISPERSIONE ACQUOSA<\/strong><\/p>\n\n\n\n<p>Adesivo a base acqua, totalmente privo di solventi, avente una notevole specificit\u00e0 di termo saldabilit\u00e0 dovuta alla formazione di un film trasparente, dopo l\u2019essicazione dell\u2019adesivo.<\/p>\n\n\n\n<p><strong>Impieghi<\/strong><\/p>\n\n\n\n<p>La sua particolare formulazione lo rende adatto nell\u2019incollaggio di testa dei pellami, in corrispondenza del taglio 45\u00b0, nella lavorazione dei mocassini.<\/p>\n\n\n\n<p><strong>Confezione<\/strong><\/p>\n\n\n\n<p>Disponibile in taniche (Kg. 10 e Kg.5)<\/p>\n<\/div><\/div>\n\n\n\n<div style=\"height:50px\" aria-hidden=\"true\" class=\"wp-block-spacer\"><\/div>\n\n\n\n<p class=\"has-primary-color has-text-color has-link-color has-medium-font-size wp-elements-bcef70334a91ecb910d90d16cfa201ed\"><strong>ECO P 8100<\/strong><\/p>\n\n\n\n<div class=\"wp-block-media-text is-stacked-on-mobile is-vertically-aligned-top\" style=\"grid-template-columns:30% auto\"><figure class=\"wp-block-media-text__media\"><img loading=\"lazy\" decoding=\"async\" width=\"300\" height=\"169\" src=\"https:\/\/ecoseal.sm\/wp-content\/uploads\/2022\/10\/tanicabox-300x169-2.png\" alt=\"\" class=\"wp-image-765 size-full\"\/><\/figure><div class=\"wp-block-media-text__content\">\n<p><strong>ADESIVO POLIURETANICO IN DISPERSIONE ACQUOSA<\/strong><\/p>\n\n\n\n<p>Adesivo monocomponente a base acqua, totalmente privo di solventi, particolarmente indicato nelle applicazioni con macchine spalmatrici a spruzzo o a rullo.<\/p>\n\n\n\n<p><strong>Impieghi<\/strong><\/p>\n\n\n\n<p>Grazie alla sua formulazione \u00e8 particolarmente indicato per l\u2019incollaggio a caldo o a freddo di tanti materiali come feltro, materiali sintetici, pelli, tessuto, tessuto non tessuto, e cartoni. Una volta asciugato l\u2019adesivo risulta completamente trasparente: questa dote lo rende indicato per l\u2019incollaggio di sottopiedi di pulizia e accoppiamento di fodera a tomaia.<\/p>\n\n\n\n<p><strong>Confezione<\/strong><\/p>\n\n\n\n<p>Disponibile in taniche (Kg. 10) e Box (Kg. 10)<\/p>\n<\/div><\/div>\n\n\n\n<div style=\"height:50px\" aria-hidden=\"true\" class=\"wp-block-spacer\"><\/div>\n\n\n\n<p class=\"has-primary-color has-text-color has-link-color has-medium-font-size wp-elements-bda84b5dd1e3a75db4d418bcb7bea166\"><strong>ECO P 8150<\/strong><\/p>\n\n\n\n<div class=\"wp-block-media-text is-stacked-on-mobile is-vertically-aligned-top\" style=\"grid-template-columns:30% auto\"><figure class=\"wp-block-media-text__media\"><img loading=\"lazy\" decoding=\"async\" width=\"299\" height=\"168\" src=\"https:\/\/ecoseal.sm\/wp-content\/uploads\/2022\/10\/BASE-ACQUA.jpg\" alt=\"\" class=\"wp-image-783 size-full\"\/><\/figure><div class=\"wp-block-media-text__content\">\n<p><strong>ADESIVO POLIURETANICO IN DISPERSIONE ACQUOSA<\/strong><\/p>\n\n\n\n<p>Adesivo a base acqua, totalmente privo di solventi, di composizione per uso monocomponente.<\/p>\n\n\n\n<p><strong>Impieghi<\/strong><\/p>\n\n\n\n<p>Il suo utilizzo \u00e8 particolarmente indicato nel settore auto perch\u00e9 \u00e8 idoneo per incollaggi ad alta resistenza alla temperatura e all\u2019idrolisi, avente una notevole specificit\u00e0 di riattivabilit\u00e0 e impatto a caldo durante l\u2019accoppiamento. Grazie alla sua formulazione \u00e8 particolarmente indicato per l\u2019incollaggio a caldo di tanti materiali come PVC plastificato, tessuto, pelli, poliuretano e gomme vulcanizzate o termoplastiche trattate con processo alogenante.<\/p>\n\n\n\n<p><strong>Confezione<\/strong><\/p>\n\n\n\n<p>Disponibile in taniche (Kg. 25, Kg. 10)<\/p>\n<\/div><\/div>\n\n\n\n<div style=\"height:50px\" aria-hidden=\"true\" class=\"wp-block-spacer\"><\/div>\n\n\n\n<p class=\"has-primary-color has-text-color has-link-color has-medium-font-size wp-elements-7904ce4a62599072306bf2555043ac25\"><strong>ECO P 8055<\/strong><\/p>\n\n\n\n<div class=\"wp-block-media-text is-stacked-on-mobile is-vertically-aligned-top\" style=\"grid-template-columns:30% auto\"><figure class=\"wp-block-media-text__media\"><img loading=\"lazy\" decoding=\"async\" width=\"300\" height=\"169\" src=\"https:\/\/ecoseal.sm\/wp-content\/uploads\/2022\/10\/tanvitopbox-300x169-2.png\" alt=\"\" class=\"wp-image-766 size-full\"\/><\/figure><div class=\"wp-block-media-text__content\">\n<p><strong>ADESIVO POLIURETANICO IN DISPERSIONE ACQUOSA<\/strong><\/p>\n\n\n\n<p>Adesivo monocomponente a base acqua, totalmente privo di solventi, indicato come prima mano nell\u2019incollaggio, con adesivo poliuretanico, di svariati pellami contribuendo a migliorare sensibilmente la resistenza allo strappo di pellami a bassa coesione.<\/p>\n\n\n\n<p><strong>Impieghi<\/strong><\/p>\n\n\n\n<p>Usato singolarmente l\u2019adesivo 9627 M \u00e8 idoneo all\u2019incollaggio mediante iniezione diretta di PVC o TPU a pelle, tessuti e cuoio. Grazie alla sua formulazione \u00e8 particolarmente indicato l\u2019uso in combinazione con l\u2019adesivo monocomponente a base acqua 9627 DM. Le caratteristiche dei due adesivi in combinazione tra di loro contribuiscono a realizzare un efficace sistema monocomponente particolarmente indicato per gli incollaggi ad alta resistenza alla temperatura e all\u2019idrolisi di svariati materiali come PVC plastificato, tessuti, pelli, poliuretano e gomme vulcanizzate o termoplastiche trattate con processo alogenante.<\/p>\n\n\n\n<p><strong>Confezione<\/strong><\/p>\n\n\n\n<p>Disponibile in taniche (Kg. 10), Box (Kg. 10) e VITOP (Kg. 10)<\/p>\n<\/div><\/div>\n\n\n\n<div style=\"height:50px\" aria-hidden=\"true\" class=\"wp-block-spacer\"><\/div>\n\n\n\n<p class=\"has-primary-color has-text-color has-link-color has-medium-font-size wp-elements-daedb30ea3ed6634dcd3ed2642eec253\"><strong>ECO P 8170<\/strong><\/p>\n\n\n\n<div class=\"wp-block-media-text is-stacked-on-mobile is-vertically-aligned-top\" style=\"grid-template-columns:30% auto\"><figure class=\"wp-block-media-text__media\"><img loading=\"lazy\" decoding=\"async\" width=\"299\" height=\"168\" src=\"https:\/\/ecoseal.sm\/wp-content\/uploads\/2022\/10\/BASE-ACQUA.jpg\" alt=\"\" class=\"wp-image-783 size-full\"\/><\/figure><div class=\"wp-block-media-text__content\">\n<p><strong>ADESIVO POLIURETANICO IN DISPERSIONE ACQUOSA<\/strong><\/p>\n\n\n\n<p>Adesivo monocomponente a base acqua, totalmente privo di solventi, indicato per applicazioni a spruzzo.<\/p>\n\n\n\n<p><strong>Impieghi<\/strong><\/p>\n\n\n\n<p>L\u2019adesivo \u00e8 idoneo all\u2019incollaggio a caldo di tanti materiali come tessuto non tessuto, pelli, tessuti, cartone.<\/p>\n\n\n\n<p><strong>Confezione<\/strong><\/p>\n\n\n\n<p>Disponibile in taniche (Kg. 10).<\/p>\n<\/div><\/div>\n\n\n\n<div style=\"height:50px\" aria-hidden=\"true\" class=\"wp-block-spacer\"><\/div>\n\n\n\n<p class=\"has-primary-color has-text-color has-link-color has-medium-font-size wp-elements-18ac7a1e58a8ee9ca581d683f6163236\"><strong>ECO P 8140<\/strong><\/p>\n\n\n\n<div class=\"wp-block-media-text is-stacked-on-mobile is-vertically-aligned-top\" style=\"grid-template-columns:30% auto\"><figure class=\"wp-block-media-text__media\"><img loading=\"lazy\" decoding=\"async\" width=\"299\" height=\"168\" src=\"https:\/\/ecoseal.sm\/wp-content\/uploads\/2022\/10\/BASE-ACQUA.jpg\" alt=\"\" class=\"wp-image-783 size-full\"\/><\/figure><div class=\"wp-block-media-text__content\">\n<p><strong>ADESIVO POLIURETANICO IN DISPERSIONE ACQUOSA<\/strong><\/p>\n\n\n\n<p>Adesivo a due componenti a base acqua, totalmente privo di solventi.<\/p>\n\n\n\n<p><strong>Impieghi<\/strong><\/p>\n\n\n\n<p>La sua formulazione lo rende particolarmente indicato per l\u2019incollaggio a caldo di pelli e tessuti a svariati materiali&nbsp; come cuoio, legno, PVC, pelli, tessuto, poliuretano e gomme vulcanizzate o termoplastiche trattate con processo alogenante.<\/p>\n\n\n\n<p><strong>Confezione<\/strong><br>Disponibile in taniche (Kg. 10)<\/p>\n<\/div><\/div>\n\n\n\n<div style=\"height:50px\" aria-hidden=\"true\" class=\"wp-block-spacer\"><\/div>\n\n\n\n<p class=\"has-primary-color has-text-color has-link-color has-medium-font-size wp-elements-d51aa2fbb8eac3d8d842f7111672c591\"><strong>ECO P 8045<\/strong><\/p>\n\n\n\n<div class=\"wp-block-media-text is-stacked-on-mobile is-vertically-aligned-top\" style=\"grid-template-columns:30% auto\"><figure class=\"wp-block-media-text__media\"><img loading=\"lazy\" decoding=\"async\" width=\"300\" height=\"169\" src=\"https:\/\/ecoseal.sm\/wp-content\/uploads\/2022\/10\/tanvitopbox-300x169-2.png\" alt=\"\" class=\"wp-image-766 size-full\"\/><\/figure><div class=\"wp-block-media-text__content\">\n<p><strong>ADESIVO POLIURETANICO IN DISPERSIONE ACQUOSA<\/strong><\/p>\n\n\n\n<p>Adesivo monocomponente a base acqua, totalmente privo di solventi, idoneo per incollaggi ad alta resistenza alla temperatura e all\u2019idrolisi, avente una notevole specificit\u00e0 di riattivabilit\u00e0 e impatto a caldo durante l\u2019accoppiamento.<\/p>\n\n\n\n<p><strong>Impieghi<\/strong><\/p>\n\n\n\n<p>Grazie alla sua formulazione \u00e8 particolarmente indicato per l\u2019incollaggio a caldo di tanti materiali come PVC plastificato, tessuto, pelli, poliuretano espanso, TPU e gomme vulcanizzate o termoplastiche trattate con processo alogenante.<\/p>\n\n\n\n<p><strong>Confezione<\/strong><\/p>\n\n\n\n<p>Disponibile in taniche (Kg. 10), Box (Kg. 10) e VITOP (kg. 5 e Kg. 10)<\/p>\n<\/div><\/div>\n\n\n\n<div style=\"height:50px\" aria-hidden=\"true\" class=\"wp-block-spacer\"><\/div>\n\n\n\n<div class=\"wp-block-buttons is-content-justification-center is-layout-flex wp-container-core-buttons-is-layout-16018d1d wp-block-buttons-is-layout-flex\">\n<div class=\"wp-block-button\"><a class=\"wp-block-button__link has-primary-background-color has-background wp-element-button\" href=\"https:\/\/ecoseal.sm\/prodotti\/adesivi-base-acqua\/\"><strong>INDIETRO<\/strong><\/a><\/div>\n<\/div>\n","protected":false},"excerpt":{"rendered":"<p>ADESIVI POLIURETANICI ECO P 8015 ADESIVO POLIURETANICO IN DISPERSIONE ACQUOSA Adesivo monocomponente a base acqua, totalmente privo di solventi, ad elevata velocit\u00e0 di essiccazione indicato anche come bi-componente per tante applicazioni richiedenti una elevata resistenza al calore. Impieghi Grazie alla bassa penetrazione nei supporti porosi \u00e8 indicato per l\u2019incollaggio dei tessuti e tessuti non tessuti, [&hellip;]<\/p>\n","protected":false},"author":1,"featured_media":0,"parent":64,"menu_order":-2,"comment_status":"closed","ping_status":"closed","template":"","meta":{"footnotes":""},"class_list":["post-408","page","type-page","status-publish","hentry",""],"_links":{"self":[{"href":"https:\/\/ecoseal.sm\/it\/wp-json\/wp\/v2\/pages\/408","targetHints":{"allow":["GET"]}}],"collection":[{"href":"https:\/\/ecoseal.sm\/it\/wp-json\/wp\/v2\/pages"}],"about":[{"href":"https:\/\/ecoseal.sm\/it\/wp-json\/wp\/v2\/types\/page"}],"author":[{"embeddable":true,"href":"https:\/\/ecoseal.sm\/it\/wp-json\/wp\/v2\/users\/1"}],"replies":[{"embeddable":true,"href":"https:\/\/ecoseal.sm\/it\/wp-json\/wp\/v2\/comments?post=408"}],"version-history":[{"count":64,"href":"https:\/\/ecoseal.sm\/it\/wp-json\/wp\/v2\/pages\/408\/revisions"}],"predecessor-version":[{"id":2410,"href":"https:\/\/ecoseal.sm\/it\/wp-json\/wp\/v2\/pages\/408\/revisions\/2410"}],"up":[{"embeddable":true,"href":"https:\/\/ecoseal.sm\/it\/wp-json\/wp\/v2\/pages\/64"}],"wp:attachment":[{"href":"https:\/\/ecoseal.sm\/it\/wp-json\/wp\/v2\/media?parent=408"}],"curies":[{"name":"wp","href":"https:\/\/api.w.org\/{rel}","templated":true}]}}