{"id":638,"date":"2022-10-20T13:25:25","date_gmt":"2022-10-20T11:25:25","guid":{"rendered":"http:\/\/172.16.12.6\/azzurroclima\/?page_id=638"},"modified":"2024-08-02T11:57:59","modified_gmt":"2024-08-02T09:57:59","slug":"nastri-sigillanti","status":"publish","type":"page","link":"https:\/\/ecoseal.sm\/it\/prodotti\/nastri-sigillanti\/","title":{"rendered":"NASTRI SIGILLANTI"},"content":{"rendered":"\n<h2 class=\"wp-block-heading has-text-align-center\">NASTRI SIGILLANTI<\/h2>\n\n\n\n<div style=\"height:50px\" aria-hidden=\"true\" class=\"wp-block-spacer\"><\/div>\n\n\n\n<p class=\"has-primary-color has-text-color has-link-color has-medium-font-size wp-elements-2ad980a6f7918cf0824912bef5cfa406\"><strong>ECO BAND  ALU<\/strong><\/p>\n\n\n\n<div class=\"wp-block-media-text is-stacked-on-mobile is-vertically-aligned-top\" style=\"grid-template-columns:30% auto\"><figure class=\"wp-block-media-text__media\"><img loading=\"lazy\" decoding=\"async\" width=\"1024\" height=\"683\" src=\"https:\/\/ecoseal.sm\/wp-content\/uploads\/2022\/12\/IMG_5949-1024x683.jpg\" alt=\"\" class=\"wp-image-1193 size-full\" srcset=\"https:\/\/ecoseal.sm\/wp-content\/uploads\/2022\/12\/IMG_5949-1024x683.jpg 1024w, https:\/\/ecoseal.sm\/wp-content\/uploads\/2022\/12\/IMG_5949-scaled-600x400.jpg 600w, https:\/\/ecoseal.sm\/wp-content\/uploads\/2022\/12\/IMG_5949-300x200.jpg 300w, https:\/\/ecoseal.sm\/wp-content\/uploads\/2022\/12\/IMG_5949-768x512.jpg 768w, https:\/\/ecoseal.sm\/wp-content\/uploads\/2022\/12\/IMG_5949-1536x1024.jpg 1536w, https:\/\/ecoseal.sm\/wp-content\/uploads\/2022\/12\/IMG_5949-2048x1365.jpg 2048w\" sizes=\"auto, (max-width: 1024px) 100vw, 1024px\" \/><\/figure><div class=\"wp-block-media-text__content\">\n<p><strong>ECO BAND ALU<\/strong><\/p>\n\n\n\n<p>Nastro sigillante autoadesivo costituito da un foglio di alluminio laminato molto resistente agli UV, accoppiato ad uno strato di massa autoadesiva a base butilica, protetta con carta antiadesiva. Il prodotto conserva la propria elasticit\u00e0 a bassa temperatura e resiste allo scorrimento a temperatura elevata. Pu\u00f2 essere applicato a mano con estrema facilit\u00e0 su numerosi tipi di supporto, si adatta prontamente alla forma del giunto da sigillare e crea nel tempo un\u2019ottima protezione contro gli agenti atmosferici.<\/p>\n\n\n\n<p><strong>Impieghi<\/strong><\/p>\n\n\n\n<p>Ricopertura di giunti su tetti e coperture in genere, rivestimento interno di grondaie, ricopertura e impermeabilizzazione di giunti in opere murarie come parapetti e davanzali, lavori di riparazione per impedire infiltrazioni d\u2019acqua nei giunti suddetti, riparazione di serre, sigillatura di protezione attorno a tubazioni sporgenti. In genere per&nbsp; riparazioni, rivestimenti e sigillature addizionali contro le infiltrazioni.<\/p>\n\n\n\n<p><strong>Confezione<\/strong><\/p>\n\n\n\n<p>Confezionati in rotoli disponibili in varie larghezze.<\/p>\n<\/div><\/div>\n\n\n\n<div style=\"height:50px\" aria-hidden=\"true\" class=\"wp-block-spacer\"><\/div>\n\n\n\n<p class=\"has-primary-color has-text-color has-link-color has-medium-font-size wp-elements-57b78f99e5d5279cece1bd6724c20193\"><strong>ECO BAND  TNT<\/strong><\/p>\n\n\n\n<div class=\"wp-block-media-text is-stacked-on-mobile is-vertically-aligned-top\" style=\"grid-template-columns:30% auto\"><figure class=\"wp-block-media-text__media\"><img loading=\"lazy\" decoding=\"async\" width=\"300\" height=\"169\" src=\"https:\/\/ecoseal.sm\/wp-content\/uploads\/2022\/10\/TNT-300x169-1-1.png\" alt=\"\" class=\"wp-image-873 size-full\"\/><\/figure><div class=\"wp-block-media-text__content\">\n<p><strong>ECO BAND TNT<\/strong><\/p>\n\n\n\n<p>Nastro sigillante autoadesivo costituito da un foglio di TNT accoppiato ad uno strato di massa autoadesiva a base butilica, protetta con carta antiadesiva.<br>Il prodotto conserva la propria elasticit\u00e0 a bassa temperatura e resiste allo scorrimento a temperatura elevata.<br>Pu\u00f2 essere applicato a mano con estrema facilit\u00e0 su numerosi tipi di supporto, si adatta prontamente alla forma del giunto da sigillare e crea nel tempo un\u2019ottima protezione contro gli agenti atmosferici.<\/p>\n\n\n\n<p><strong>Impieghi<\/strong><\/p>\n\n\n\n<p>Elemento di giunzione di guaine e membrane, raccordo di sottofondo tra pavimento e parete nella posa di rivestimenti, come balconi, terrazzi, solai, piscine.<\/p>\n\n\n\n<p><strong>Confezione<\/strong><\/p>\n\n\n\n<p>Confezionati in rotoli disponibili in varie larghezze.<\/p>\n<\/div><\/div>\n\n\n\n<div style=\"height:50px\" aria-hidden=\"true\" class=\"wp-block-spacer\"><\/div>\n\n\n\n<p class=\"has-primary-color has-text-color has-link-color has-medium-font-size wp-elements-8c82a8b9edd97416eabda8094363572a\"><strong>ECO BAND  HDPE<\/strong><\/p>\n\n\n\n<div class=\"wp-block-media-text is-stacked-on-mobile is-vertically-aligned-top\" style=\"grid-template-columns:30% auto\"><figure class=\"wp-block-media-text__media\"><img loading=\"lazy\" decoding=\"async\" width=\"1024\" height=\"576\" src=\"https:\/\/ecoseal.sm\/wp-content\/uploads\/2022\/11\/bobina-HDPE-1024x576.jpg\" alt=\"\" class=\"wp-image-1160 size-full\" srcset=\"https:\/\/ecoseal.sm\/wp-content\/uploads\/2022\/11\/bobina-HDPE-1024x576.jpg 1024w, https:\/\/ecoseal.sm\/wp-content\/uploads\/2022\/11\/bobina-HDPE-300x169.jpg 300w, https:\/\/ecoseal.sm\/wp-content\/uploads\/2022\/11\/bobina-HDPE-768x432.jpg 768w, https:\/\/ecoseal.sm\/wp-content\/uploads\/2022\/11\/bobina-HDPE-1536x864.jpg 1536w, https:\/\/ecoseal.sm\/wp-content\/uploads\/2022\/11\/bobina-HDPE-2048x1152.jpg 2048w\" sizes=\"auto, (max-width: 1024px) 100vw, 1024px\" \/><\/figure><div class=\"wp-block-media-text__content\">\n<p><strong>ECO BAND HDPE<\/strong><\/p>\n\n\n\n<p>Nastro sigillante autoadesivo specifico per la protezione di tubi a vista e interrati. Costituito da un film di polietilene ad alta densit\u00e0 molto resistente, conferisce alla membrana stabilit\u00e0 dimensionale accoppiato ad uno strato di massa autoadesiva a base butilica, protetta con carta antiadesiva. Il prodotto conserva la propria elasticit\u00e0 a bassa temperatura e resiste allo scorrimento a temperatura elevata. Dotato di eccellente resistenza al vapor d\u2019acqua e alla pressione idrostatica, \u00e8 adatto per realizzare protezioni impermeabili nelle costruzioni. Possiede ottima adesione ai materiali utilizzati nell\u2019edilizia, \u00e8 resistente all\u2019invecchiamento e non infragilisce se protetto dall\u2019esposizione alla radiazione UV. Pu\u00f2 essere applicato a mano con estrema facilit\u00e0 su numerosi tipi di supporto, si adatta prontamente alla forma del giunto da sigillare e crea nel tempo un\u2019ottima protezione contro gli agenti atmosferici.<\/p>\n\n\n\n<p><strong>Impieghi<\/strong><\/p>\n\n\n\n<p>Sigillatura e protezione dalla corrosione di serbatoi e tubi a vista o sotto il livello del suolo, ricopertura e impermeabilizzazione di giunti su tetti e coperture, parapetti e davanzali, impermeabilizzazione all\u2019acqua e all\u2019umidit\u00e0 di fondamenta, scantinati, pareti interrate, sigillatura di giunti di tunnel, fognature e canalizzazioni, impermeabilizzazione di terrazze e pavimentazioni di camere umide, riparazione di guaine bituminose.<\/p>\n\n\n\n<p><strong>Confezione<\/strong><\/p>\n\n\n\n<p>Disponibili in rotoli in varie larghezze.<\/p>\n<\/div><\/div>\n\n\n\n<div style=\"height:50px\" aria-hidden=\"true\" class=\"wp-block-spacer\"><\/div>\n\n\n\n<div class=\"wp-block-buttons is-content-justification-center is-layout-flex wp-container-core-buttons-is-layout-16018d1d wp-block-buttons-is-layout-flex\">\n<div class=\"wp-block-button\"><a class=\"wp-block-button__link has-primary-background-color has-background wp-element-button\" href=\"https:\/\/ecoseal.sm\/it\/prodotti\/sigillanti\/\"><strong>INDIETRO<\/strong><\/a><\/div>\n<\/div>\n","protected":false},"excerpt":{"rendered":"<p>NASTRI SIGILLANTI ECO BAND ALU ECO BAND ALU Nastro sigillante autoadesivo costituito da un foglio di alluminio laminato molto resistente agli UV, accoppiato ad uno strato di massa autoadesiva a base butilica, protetta con carta antiadesiva. Il prodotto conserva la propria elasticit\u00e0 a bassa temperatura e resiste allo scorrimento a temperatura elevata. Pu\u00f2 essere applicato [&hellip;]<\/p>\n","protected":false},"author":1,"featured_media":0,"parent":64,"menu_order":-2,"comment_status":"closed","ping_status":"closed","template":"","meta":{"footnotes":""},"class_list":["post-638","page","type-page","status-publish","hentry",""],"_links":{"self":[{"href":"https:\/\/ecoseal.sm\/it\/wp-json\/wp\/v2\/pages\/638","targetHints":{"allow":["GET"]}}],"collection":[{"href":"https:\/\/ecoseal.sm\/it\/wp-json\/wp\/v2\/pages"}],"about":[{"href":"https:\/\/ecoseal.sm\/it\/wp-json\/wp\/v2\/types\/page"}],"author":[{"embeddable":true,"href":"https:\/\/ecoseal.sm\/it\/wp-json\/wp\/v2\/users\/1"}],"replies":[{"embeddable":true,"href":"https:\/\/ecoseal.sm\/it\/wp-json\/wp\/v2\/comments?post=638"}],"version-history":[{"count":17,"href":"https:\/\/ecoseal.sm\/it\/wp-json\/wp\/v2\/pages\/638\/revisions"}],"predecessor-version":[{"id":2414,"href":"https:\/\/ecoseal.sm\/it\/wp-json\/wp\/v2\/pages\/638\/revisions\/2414"}],"up":[{"embeddable":true,"href":"https:\/\/ecoseal.sm\/it\/wp-json\/wp\/v2\/pages\/64"}],"wp:attachment":[{"href":"https:\/\/ecoseal.sm\/it\/wp-json\/wp\/v2\/media?parent=638"}],"curies":[{"name":"wp","href":"https:\/\/api.w.org\/{rel}","templated":true}]}}