{"id":66,"date":"2022-04-15T10:11:28","date_gmt":"2022-04-15T08:11:28","guid":{"rendered":"http:\/\/172.16.12.6\/azzurroclima\/?page_id=66"},"modified":"2023-02-02T12:24:52","modified_gmt":"2023-02-02T11:24:52","slug":"dove-siamo","status":"publish","type":"page","link":"https:\/\/ecoseal.sm\/it\/dove-siamo\/","title":{"rendered":"DOVE SIAMO"},"content":{"rendered":"\n<div class=\"wp-block-columns is-layout-flex wp-container-core-columns-is-layout-9d6595d7 wp-block-columns-is-layout-flex\">\n<div class=\"wp-block-column is-layout-flow wp-block-column-is-layout-flow\">\n<div id=\"wp_osm_\" class=\"wp_osm\" style=\"width: 100%; height: 500px\" data-lon=\"5457220\" data-lat=\"1383720\" data-zoom=\"17\">\r\n\r\n\t<div class=\"ol-popup\">\r\n\r\n\t    <a href=\"#\" class=\"ol-popup-closer\"><\/a>\r\n\r\n\t    <div class=\"popup-content\"><\/div>\r\n\r\n\t<\/div>\r\n\r\n\t<div class=\"marker\" data-icon=\"http:\/\/ecoseal.sm\/wp-content\/plugins\/wp-open-street-map\/images\/markers\/marker.png\" data-lon=\"1383540\" data-lat=\"5457270\" data-name=\"\" data-description=\"\"><\/div>\r\n<\/div>\n<\/div>\n\n\n\n<div class=\"wp-block-column is-layout-flow wp-block-column-is-layout-flow\">\n<p class=\"has-medium-font-size\"><strong>ECOSEAL Srl<\/strong><\/p>\n\n\n\n<p><div style=\"text-align: justify;\">Si <span style=\"text-transform: lowercase;\">Trova nella<\/span> <i>\nRepubblica Di San Marino<\/i>, <span style=\"text-transform: lowercase;\">in una posizione facilmente raggiungibile, situata ad<\/span> Acquaviva <span style=\"text-transform: lowercase;\">nella zona produttiva <span style=\"text-transform: uppercase;\">CA\u2019 MARTINO.<\/span><\/span><\/div><\/p>\n\n\n\n<p class=\"has-medium-font-size\"><strong>INDIRIZZO<\/strong><\/p>\n\n\n\n<p><div style=\"text-transform: capitalize; text-align: left;\"><div style=\"text-align: justify;\">Via Prato Delle Valli, 58<br>47892&nbsp; ACQUAVIVA<br>Repubblica Di San Marino<\/div><\/div><\/p>\n\n\n\n<p class=\"has-medium-font-size\"><strong>RECAPITI<\/strong><\/p>\n\n\n\n<p>Tel&nbsp;(+378) 0549 911470<\/p>\n\n\n\n<p>Fax&nbsp;(+378) 0549 957333<\/p>\n\n\n\n<p>E<span style=\"text-transform: lowercase;\">mail: Info@Ecoseal.Sm<\/span><\/p>\n\n\n\n<p class=\"has-medium-font-size\"><strong>ORARI APERTURA UFFICI<\/strong><\/p>\n\n\n\n<p>I <span style=\"text-transform: lowercase;\">Nostri Uffici Sono Aperti Dal Luned\u00ec Al Venerd\u00ec Dalle Ore 8,00 Alle Ore 12.30 E Dalle Ore 13.30 Alle Ore 16.30.<\/span><\/p>\n\n\n\n<p class=\"has-medium-font-size\"><strong>ORARI APERTURA MAGAZZINO<\/strong><\/p>\n\n\n\n<p>Per <span style=\"text-transform: lowercase;\">Tutte Le Operazioni Di Carico E Scarico Il Nostro Magazzino \u00c8 Aperto Dal Luned\u00ec Al Venerd\u00ec Dalle Ore 07.00 Alle Ore 15.30 Orario Continuato.<\/span><\/p>\n\n\n\n<p><\/p>\n<\/div>\n<\/div>\n","protected":false},"excerpt":{"rendered":"<p>ECOSEAL Srl Si Trova nella Repubblica Di San Marino, in una posizione facilmente raggiungibile, situata ad Acquaviva nella zona produttiva CA\u2019 MARTINO. INDIRIZZO Via Prato Delle Valli, 5847892&nbsp; ACQUAVIVARepubblica Di San Marino RECAPITI Tel&nbsp;(+378) 0549 911470 Fax&nbsp;(+378) 0549 957333 Email: Info@Ecoseal.Sm ORARI APERTURA UFFICI I Nostri Uffici Sono Aperti Dal Luned\u00ec Al Venerd\u00ec Dalle Ore [&hellip;]<\/p>\n","protected":false},"author":1,"featured_media":0,"parent":0,"menu_order":0,"comment_status":"closed","ping_status":"closed","template":"","meta":{"footnotes":""},"class_list":["post-66","page","type-page","status-publish","hentry",""],"_links":{"self":[{"href":"https:\/\/ecoseal.sm\/it\/wp-json\/wp\/v2\/pages\/66","targetHints":{"allow":["GET"]}}],"collection":[{"href":"https:\/\/ecoseal.sm\/it\/wp-json\/wp\/v2\/pages"}],"about":[{"href":"https:\/\/ecoseal.sm\/it\/wp-json\/wp\/v2\/types\/page"}],"author":[{"embeddable":true,"href":"https:\/\/ecoseal.sm\/it\/wp-json\/wp\/v2\/users\/1"}],"replies":[{"embeddable":true,"href":"https:\/\/ecoseal.sm\/it\/wp-json\/wp\/v2\/comments?post=66"}],"version-history":[{"count":57,"href":"https:\/\/ecoseal.sm\/it\/wp-json\/wp\/v2\/pages\/66\/revisions"}],"predecessor-version":[{"id":1776,"href":"https:\/\/ecoseal.sm\/it\/wp-json\/wp\/v2\/pages\/66\/revisions\/1776"}],"wp:attachment":[{"href":"https:\/\/ecoseal.sm\/it\/wp-json\/wp\/v2\/media?parent=66"}],"curies":[{"name":"wp","href":"https:\/\/api.w.org\/{rel}","templated":true}]}}