{"id":708,"date":"2022-10-21T12:26:19","date_gmt":"2022-10-21T10:26:19","guid":{"rendered":"http:\/\/ecoseal.sm\/?page_id=708"},"modified":"2026-04-02T10:03:22","modified_gmt":"2026-04-02T08:03:22","slug":"chi-siamo","status":"publish","type":"page","link":"https:\/\/ecoseal.sm\/it\/chi-siamo\/","title":{"rendered":"CHI SIAMO"},"content":{"rendered":"\n<h2 class=\"wp-block-heading has-text-align-center\"><strong>CHI SIAMO<\/strong><\/h2>\n\n\n\n<div style=\"height:50px\" aria-hidden=\"true\" class=\"wp-block-spacer\"><\/div>\n\n\n<div class=\"wp-block-image\">\n<figure class=\"aligncenter size-large is-resized\"><img loading=\"lazy\" decoding=\"async\" width=\"1024\" height=\"188\" src=\"http:\/\/ecoseal.sm\/wp-content\/uploads\/2022\/04\/cropped-Immagine-1024x188.png\" alt=\"\" class=\"wp-image-800\" style=\"width:398px\" title=\"Immagine\" srcset=\"https:\/\/ecoseal.sm\/wp-content\/uploads\/2022\/04\/cropped-Immagine-1024x188.png 1024w, https:\/\/ecoseal.sm\/wp-content\/uploads\/2022\/04\/cropped-Immagine-600x110.png 600w, https:\/\/ecoseal.sm\/wp-content\/uploads\/2022\/04\/cropped-Immagine-300x55.png 300w, https:\/\/ecoseal.sm\/wp-content\/uploads\/2022\/04\/cropped-Immagine-768x141.png 768w, https:\/\/ecoseal.sm\/wp-content\/uploads\/2022\/04\/cropped-Immagine.png 1341w\" sizes=\"auto, (max-width: 1024px) 100vw, 1024px\" \/><\/figure><\/div>\n\n\n<p>\u00c8 una societ\u00e0 giovane e dinamica che si sta ritagliando uno spazio sempre pi\u00f9 importante nel mercato della produzione e vendita di sigillanti preformati butilici, poliisobutilenici e adesivi base acqua.<\/p>\n\n\n\n<p>Vuole essere un partner competitivo e professionale, in grado di rispondere positivamente alla crescente richiesta di prodotti sempre pi\u00f9 specializzati e ad alto livello di qualit\u00e0 e affidabilit\u00e0.<\/p>\n\n\n\n<p>Grazie  ad un mirato piano di sviluppo abbiamo potuto incrementare ulteriormente la nostra capacit\u00e0 produttiva per far fronte alle nuove richieste del mercato nell&#8217;intento di offrire il miglior servizio possibile in base alle Vostre esigenze.<\/p>\n\n\n\n<p>L&#8217;elevato  livello di conoscenza del prodotto unito al personale qualificato ci consente di soddisfare le specifiche esigenze del cliente con un eccellente grado di qualit\u00e0 e affidabilit\u00e0.<\/p>\n\n\n\n<p>Nell&#8217;intento di offrire il miglior servizio possibile in base alle Vostre esigenze abbiamo sviluppato un sistema interno di etichettatura che ci consente la produzione di prodotti personalizzati al fine di trovare le soluzioni pi\u00f9 idonee per i nostri clienti.<\/p>\n\n\n\n<p class=\"has-light-color has-text-color has-link-color wp-elements-1cc2723f201eab1244961021afe464e0\">&#8211;<\/p>\n\n\n\n<p><\/p>\n\n\n\n<h5 class=\"wp-block-heading has-text-align-left\">La nostra azienda si basa su pochi e semplici valori:<\/h5>\n\n\n\n<p><\/p>\n\n\n\n<ul class=\"wp-block-list\">\n<li><strong>Qualit\u00e0, trasparenza affidabilit\u00e0<\/strong>.<\/li>\n\n\n\n<li><strong>Soddisfazione del cliente e risorse umane<\/strong>.<\/li>\n\n\n\n<li><strong>Rispetto e salvaguardia ambientale<\/strong>.<\/li>\n<\/ul>\n\n\n\n<p><\/p>\n\n\n\n<p class=\"has-text-align-center\"><strong>Q<\/strong><strong>ualit\u00e0, trasparenza affidabilit\u00e0<\/strong><\/p>\n\n\n\n<p>I nostri prodotti sono analizzati in laboratorio da personale esperto ed ogni ora i nostri operatori qualificati effettuano controlli qualitativi su tutta la produzione al fine di garantire un elevato livello di qualit\u00e0. Tutte le materie prime utilizzate nei nostri cicli produttivi sono sostanze gi\u00e0 preregistrate nel circuito UE in conformit\u00e0 alle principali norme di sicurezza relative al regolamento REACH entrato in vigore dal 1 giugno 2007. Inoltre i nostri prodotti non contengono sostanze presenti nella Candidate List of Substances of Very High Concern for authorisation.<\/p>\n\n\n\n<p class=\"has-text-align-center\"><strong>S<\/strong><strong>oddisfazione del cliente e <\/strong><strong>risorse umane<\/strong><\/p>\n\n\n\n<p>Annualmente l\u2019azienda organizza corsi di aggiornamento per il personale interno rendendolo ancora pi\u00f9 esperto e qualificato nella speranza di poter soddisfare sempre i bisogni dei clienti vecchi e nuovi. La nostra flessibilit\u00e0, inoltre, permette rapidit\u00e0 nelle consegne sia per grandi sia per piccoli quantitativi.<\/p>\n\n\n\n<p class=\"has-text-align-center\"><strong>R<\/strong><strong>ispetto e salvaguardia ambientale<\/strong><\/p>\n\n\n\n<p>La tutela dell&#8217;ambiente \u00e8 da sempre uno degli interessi primari delle attivit\u00e0 e degli investimenti della nostra azienda. Gli imballaggi delle materie prime utilizzate, riciclabili al 100%, vengono utilizzati nelle cartiere e\/o nelle aziende interessate alla produzione di imballaggi flessibili azzerando completamente l&#8217;impatto ambientale contribuendo cos\u00ec alla salvaguardia dell&#8217;ambiente.<\/p>\n\n\n\n<p><\/p>\n","protected":false},"excerpt":{"rendered":"<p>CHI SIAMO \u00c8 una societ\u00e0 giovane e dinamica che si sta ritagliando uno spazio sempre pi\u00f9 importante nel mercato della produzione e vendita di sigillanti preformati butilici, poliisobutilenici e adesivi base acqua. Vuole essere un partner competitivo e professionale, in grado di rispondere positivamente alla crescente richiesta di prodotti sempre pi\u00f9 specializzati e ad alto [&hellip;]<\/p>\n","protected":false},"author":2,"featured_media":0,"parent":0,"menu_order":0,"comment_status":"closed","ping_status":"closed","template":"","meta":{"footnotes":""},"class_list":["post-708","page","type-page","status-publish","hentry",""],"_links":{"self":[{"href":"https:\/\/ecoseal.sm\/it\/wp-json\/wp\/v2\/pages\/708","targetHints":{"allow":["GET"]}}],"collection":[{"href":"https:\/\/ecoseal.sm\/it\/wp-json\/wp\/v2\/pages"}],"about":[{"href":"https:\/\/ecoseal.sm\/it\/wp-json\/wp\/v2\/types\/page"}],"author":[{"embeddable":true,"href":"https:\/\/ecoseal.sm\/it\/wp-json\/wp\/v2\/users\/2"}],"replies":[{"embeddable":true,"href":"https:\/\/ecoseal.sm\/it\/wp-json\/wp\/v2\/comments?post=708"}],"version-history":[{"count":107,"href":"https:\/\/ecoseal.sm\/it\/wp-json\/wp\/v2\/pages\/708\/revisions"}],"predecessor-version":[{"id":2422,"href":"https:\/\/ecoseal.sm\/it\/wp-json\/wp\/v2\/pages\/708\/revisions\/2422"}],"wp:attachment":[{"href":"https:\/\/ecoseal.sm\/it\/wp-json\/wp\/v2\/media?parent=708"}],"curies":[{"name":"wp","href":"https:\/\/api.w.org\/{rel}","templated":true}]}}